{"id":128022,"date":"2025-02-05T15:02:20","date_gmt":"2025-02-05T14:02:20","guid":{"rendered":"https:\/\/www.maisonhelya.fr\/?page_id=128022"},"modified":"2025-03-03T15:39:41","modified_gmt":"2025-03-03T14:39:41","slug":"butler","status":"publish","type":"page","link":"https:\/\/www.maisonhelya.fr\/en\/butler\/","title":{"rendered":"Butler"},"content":{"rendered":"<div class=\"wpb-content-wrapper\"><p>[vc_row row_height_percent=&#8221;0&#8243; override_padding=&#8221;yes&#8221; h_padding=&#8221;2&#8243; top_padding=&#8221;7&#8243; bottom_padding=&#8221;3&#8243; back_image=&#8221;61&#8243; back_position=&#8221;center center&#8221; overlay_alpha=&#8221;50&#8243; gutter_size=&#8221;4&#8243; column_width_percent=&#8221;100&#8243; shift_y=&#8221;0&#8243; z_index=&#8221;0&#8243; uncode_shortcode_id=&#8221;186001&#8243; row_name=&#8221;recrutement&#8221; back_size=&#8221;1950px auto&#8221;][vc_column column_width_percent=&#8221;100&#8243; position_horizontal=&#8221;left&#8221; gutter_size=&#8221;3&#8243; overlay_alpha=&#8221;50&#8243; shift_x=&#8221;0&#8243; shift_y=&#8221;0&#8243; shift_y_down=&#8221;0&#8243; z_index=&#8221;0&#8243; medium_width=&#8221;0&#8243; mobile_width=&#8221;0&#8243; width=&#8221;1\/2&#8243; uncode_shortcode_id=&#8221;185884&#8243;][vc_single_image media=&#8221;122637&#8243; media_width_percent=&#8221;93&#8243; media_ratio=&#8221;three-four&#8221; alignment=&#8221;right&#8221; uncode_shortcode_id=&#8221;734500&#8243;][\/vc_column][vc_column column_width_percent=&#8221;100&#8243; gutter_size=&#8221;2&#8243; overlay_alpha=&#8221;50&#8243; shift_x=&#8221;0&#8243; shift_y=&#8221;0&#8243; shift_y_down=&#8221;0&#8243; z_index=&#8221;0&#8243; medium_width=&#8221;0&#8243; mobile_width=&#8221;0&#8243; width=&#8221;1\/2&#8243; uncode_shortcode_id=&#8221;569173&#8243;][vc_custom_heading text_color=&#8221;accent&#8221; heading_semantic=&#8221;p&#8221; text_size=&#8221;fontsize-749754&#8243; text_weight=&#8221;400&#8243; text_transform=&#8221;uppercase&#8221; uncode_shortcode_id=&#8221;425711&#8243; text_color_type=&#8221;uncode-palette&#8221;]Our jobs[\/vc_custom_heading][vc_custom_heading heading_semantic=&#8221;h1&#8243; text_size=&#8221;h1&#8243; text_transform=&#8221;uppercase&#8221; uncode_shortcode_id=&#8221;347591&#8243;]Butler[\/vc_custom_heading][vc_column_text uncode_shortcode_id=&#8221;172706&#8243;]Le majordome <a href=\"https:\/\/www.maisonhelya.fr\/maison-helya\/\">Maison Helya<\/a> accompagne et supervise l\u2019ensemble du personnel de maison ainsi que certains prestataires ext\u00e9rieurs. Professionnel de l\u2019h\u00f4tellerie, ce collaborateur de confiance s\u2019assure de la bonne tenue des lieux et du confort permanent des propri\u00e9taires. Le majordome peut accompagner ses clients en dehors de la propri\u00e9t\u00e9 et effectuer des missions de <a href=\"https:\/\/www.maisonhelya.fr\/service\/vous-faire-gagner-du-temps\/metier-chauffeur-de-maitre\/\">chauffeur<\/a>.[\/vc_column_text][vc_empty_space empty_h=&#8221;1&#8243;][vc_custom_heading text_font=&#8221;font-162523&#8243; text_size=&#8221;h5&#8243; text_weight=&#8221;400&#8243; uncode_shortcode_id=&#8221;217607&#8243;]Fields of excellence of a butler[\/vc_custom_heading][vc_custom_heading heading_semantic=&#8221;h3&#8243; text_font=&#8221;font-136811&#8243; text_size=&#8221;h6&#8243; text_weight=&#8221;700&#8243; uncode_shortcode_id=&#8221;642204&#8243;]Superviser l\u2019entretien de la demeure[\/vc_custom_heading][uncode_list icon=&#8221;fa fa-diamond&#8221; uncode_shortcode_id=&#8221;146840&#8243;]<\/p>\n<ul>\n<li>R\u00e9aliser ou coordonner le nettoyage et le rangement de la demeure, l\u2019entretien du linge de maison et des v\u00eatements<\/li>\n<li>Nettoyer, pr\u00e9server et prot\u00e9ger les mat\u00e9riaux nobles et \u00e9quipements<\/li>\n<li>Veiller \u00e0 l\u2019entretien des objets pr\u00e9cieux et \u00e0 leur bonne conservation<\/li>\n<li>S\u2019assurer de la maintenance courante et organiser les petits travaux<\/li>\n<li>Assurer la d\u00e9coration florale et l\u2019entretien des plantes<\/li>\n<li>Pr\u00e9parer les bagages, les d\u00e9faire et les ranger<\/li>\n<li>S\u2019assurer que la d\u00e9coration et l\u2019ambiance g\u00e9n\u00e9rale des lieux soient adapt\u00e9es aux go\u00fbts et aux attentes des propri\u00e9taires<\/li>\n<li>S\u2019assurer de la s\u00e9curit\u00e9 de la demeure<\/li>\n<\/ul>\n<p>[\/uncode_list][vc_custom_heading heading_semantic=&#8221;h3&#8243; text_font=&#8221;font-136811&#8243; text_size=&#8221;h6&#8243; text_weight=&#8221;700&#8243; uncode_shortcode_id=&#8221;458865&#8243;]G\u00e9rer les stocks et coordonner les intervenants[\/vc_custom_heading][uncode_list icon=&#8221;fa fa-diamond&#8221; uncode_shortcode_id=&#8221;147767&#8243;]<\/p>\n<ul>\n<li>\u00c9laborer les plannings du personnel de maison<\/li>\n<li>Participer au recrutement et au management du personnel<\/li>\n<li>G\u00e9rer les achats, les stocks et le budget global de la propri\u00e9t\u00e9 : denr\u00e9es, produits d\u2019hygi\u00e8ne, etc.<\/li>\n<li>Coordonner les fournisseurs et prestataires<\/li>\n<li>Suivre les travaux<\/li>\n<\/ul>\n<p>[\/uncode_list][vc_custom_heading heading_semantic=&#8221;h3&#8243; text_font=&#8221;font-136811&#8243; text_size=&#8221;h6&#8243; text_weight=&#8221;700&#8243; uncode_shortcode_id=&#8221;621249&#8243;]Cuisiner et assurer le service \u00e0 table[\/vc_custom_heading][uncode_list icon=&#8221;fa fa-diamond&#8221; uncode_shortcode_id=&#8221;109995&#8243;]<\/p>\n<ul>\n<li>Superviser la cuisine ou pr\u00e9parer les plats selon les habitudes alimentaires et les demandes des propri\u00e9taires<\/li>\n<li>Dresser la table<\/li>\n<li>Servir le petit d\u00e9jeuner et les autres repas\/collations<\/li>\n<li>Organiser les r\u00e9ceptions et accueillir les invit\u00e9s<\/li>\n<li>G\u00e9rer la cave<\/li>\n<\/ul>\n<p>[\/uncode_list][vc_custom_heading heading_semantic=&#8221;h3&#8243; text_font=&#8221;font-136811&#8243; text_size=&#8221;h6&#8243; text_weight=&#8221;700&#8243; uncode_shortcode_id=&#8221;112987&#8243;]G\u00e9rer les trajets et d\u00e9placements des clients[\/vc_custom_heading][uncode_list icon=&#8221;fa fa-diamond&#8221; uncode_shortcode_id=&#8221;708871&#8243;]<\/p>\n<ul>\n<li>Conduire les clients \u00e0 leurs rendez-vous ou lors de d\u00e9placements ponctuels<\/li>\n<li>Prendre soin des bagages et affaires personnelles des clients<\/li>\n<li>Veiller \u00e0 la s\u00e9curit\u00e9 des occupants<\/li>\n<\/ul>\n<p>[\/uncode_list][vc_custom_heading text_font=&#8221;font-162523&#8243; text_size=&#8221;h5&#8243; text_weight=&#8221;400&#8243; uncode_shortcode_id=&#8221;394187&#8243;]Butler profile[\/vc_custom_heading][uncode_list icon=&#8221;fa fa-diamond&#8221; uncode_shortcode_id=&#8221;262319&#8243;]<\/p>\n<ul>\n<li>Exp\u00e9rience de 5 ans minimum exig\u00e9e \u00e0 un poste similaire ou dans l&#8217;h\u00f4tellerie<\/li>\n<li>Permis B<\/li>\n<li>Excellente pr\u00e9sentation et communication, fiabilit\u00e9, disponibilit\u00e9, capacit\u00e9 \u00e0 manager, discr\u00e9tion, capacit\u00e9 d\u2019adaptation, sens du service et des responsabilit\u00e9s, esprit d\u2019initiative, sens de l\u2019organisation, rigueur<\/li>\n<li>Ma\u00eetrise du fran\u00e7ais, anglais appr\u00e9ci\u00e9 (facultatif)<\/li>\n<\/ul>\n<p>[\/uncode_list][vc_row_inner limit_content=&#8221;&#8221;][vc_column_inner width=&#8221;1\/2&#8243;][vc_button border_width=&#8221;0&#8243; uncode_shortcode_id=&#8221;166505&#8243; link=&#8221;url:https%3A%2F%2Fwww.maisonhelya.fr%2Fen%2Fjob-offers%2F|&#8221;]voir les offres d&#8217;emploi[\/vc_button][\/vc_column_inner][vc_column_inner width=&#8221;1\/2&#8243;][vc_button border_width=&#8221;0&#8243; uncode_shortcode_id=&#8221;143575&#8243; link=&#8221;url:https%3A%2F%2Fwww.maisonhelya.fr%2Fen%2Fcontact-us%2F|title:FR%20%E2%80%93%20Contact|&#8221;]demander un devis personnalis\u00e9[\/vc_button][\/vc_column_inner][\/vc_row_inner][\/vc_column][\/vc_row]<\/p>\n<\/div>","protected":false},"excerpt":{"rendered":"<p>[vc_row row_height_percent=&#8221;0&#8243; override_padding=&#8221;yes&#8221; h_padding=&#8221;2&#8243; top_padding=&#8221;7&#8243; bottom_padding=&#8221;3&#8243; back_image=&#8221;61&#8243; back_position=&#8221;center center&#8221; overlay_alpha=&#8221;50&#8243; gutter_size=&#8221;4&#8243; column_width_percent=&#8221;100&#8243; shift_y=&#8221;0&#8243; z_index=&#8221;0&#8243; uncode_shortcode_id=&#8221;186001&#8243; row_name=&#8221;recrutement&#8221; back_size=&#8221;1950px auto&#8221;][vc_column column_width_percent=&#8221;100&#8243; position_horizontal=&#8221;left&#8221; [&hellip;]<\/p>\n","protected":false},"author":1,"featured_media":126171,"parent":0,"menu_order":0,"comment_status":"closed","ping_status":"closed","template":"","meta":{"footnotes":""},"class_list":["post-128022","page","type-page","status-publish","has-post-thumbnail","hentry","page_category-jobs"],"_links":{"self":[{"href":"https:\/\/www.maisonhelya.fr\/en\/wp-json\/wp\/v2\/pages\/128022","targetHints":{"allow":["GET"]}}],"collection":[{"href":"https:\/\/www.maisonhelya.fr\/en\/wp-json\/wp\/v2\/pages"}],"about":[{"href":"https:\/\/www.maisonhelya.fr\/en\/wp-json\/wp\/v2\/types\/page"}],"author":[{"embeddable":true,"href":"https:\/\/www.maisonhelya.fr\/en\/wp-json\/wp\/v2\/users\/1"}],"replies":[{"embeddable":true,"href":"https:\/\/www.maisonhelya.fr\/en\/wp-json\/wp\/v2\/comments?post=128022"}],"version-history":[{"count":1,"href":"https:\/\/www.maisonhelya.fr\/en\/wp-json\/wp\/v2\/pages\/128022\/revisions"}],"predecessor-version":[{"id":128067,"href":"https:\/\/www.maisonhelya.fr\/en\/wp-json\/wp\/v2\/pages\/128022\/revisions\/128067"}],"wp:featuredmedia":[{"embeddable":true,"href":"https:\/\/www.maisonhelya.fr\/en\/wp-json\/wp\/v2\/media\/126171"}],"wp:attachment":[{"href":"https:\/\/www.maisonhelya.fr\/en\/wp-json\/wp\/v2\/media?parent=128022"}],"curies":[{"name":"wp","href":"https:\/\/api.w.org\/{rel}","templated":true}]}}